{"id":374,"date":"2024-02-05T11:14:55","date_gmt":"2024-02-05T11:14:55","guid":{"rendered":"https:\/\/www.islamicartsgallery.com\/cart\/"},"modified":"2024-07-23T19:50:09","modified_gmt":"2024-07-23T19:50:09","slug":"cart","status":"publish","type":"page","link":"https:\/\/www.islamicartsgallery.com\/ar\/cart\/","title":{"rendered":"\u0633\u0644\u0629"},"content":{"rendered":"\n<div data-block-name=\"woocommerce\/cart\" class=\"wp-block-woocommerce-cart alignwide is-loading\">\n<div data-block-name=\"woocommerce\/filled-cart-block\" class=\"wp-block-woocommerce-filled-cart-block\">\n<div data-block-name=\"woocommerce\/cart-items-block\" class=\"wp-block-woocommerce-cart-items-block\">\n<div data-block-name=\"woocommerce\/cart-line-items-block\" class=\"wp-block-woocommerce-cart-line-items-block\"><\/div>\n\n\n\n<div data-block-name=\"woocommerce\/cart-cross-sells-block\" class=\"wp-block-woocommerce-cart-cross-sells-block\">\n<h2 class=\"wp-block-heading has-large-font-size\">\u0642\u062f \u062a\u0643\u0648\u0646 \u0645\u0647\u062a\u0645\u064b\u0627 \u0628\u0640&#8230;<\/h2>\n\n\n\n<div data-block-name=\"woocommerce\/cart-cross-sells-products-block\" class=\"wp-block-woocommerce-cart-cross-sells-products-block\"><\/div>\n<\/div>\n<\/div>\n\n\n\n<div data-block-name=\"woocommerce\/cart-totals-block\" class=\"wp-block-woocommerce-cart-totals-block\">\n<div data-block-name=\"woocommerce\/cart-order-summary-block\" class=\"wp-block-woocommerce-cart-order-summary-block\">\n<div data-block-name=\"woocommerce\/cart-order-summary-heading-block\" class=\"wp-block-woocommerce-cart-order-summary-heading-block\"><\/div><div data-block-name=\"woocommerce\/cart-order-summary-coupon-form-block\" class=\"wp-block-woocommerce-cart-order-summary-coupon-form-block\"><\/div><div data-block-name=\"woocommerce\/cart-order-summary-totals-block\" class=\"wp-block-woocommerce-cart-order-summary-totals-block\">\n<div data-block-name=\"woocommerce\/cart-order-summary-subtotal-block\" class=\"wp-block-woocommerce-cart-order-summary-subtotal-block\"><\/div>\n<div data-block-name=\"woocommerce\/cart-order-summary-discount-block\" class=\"wp-block-woocommerce-cart-order-summary-discount-block\"><\/div>\n<div data-block-name=\"woocommerce\/cart-order-summary-fee-block\" class=\"wp-block-woocommerce-cart-order-summary-fee-block\"><\/div>\n<div data-block-name=\"woocommerce\/cart-order-summary-shipping-block\" class=\"wp-block-woocommerce-cart-order-summary-shipping-block\"><\/div>\n<div data-block-name=\"woocommerce\/cart-order-summary-taxes-block\" class=\"wp-block-woocommerce-cart-order-summary-taxes-block\"><\/div><\/div>\n<\/div>\n\n\n\n<div data-block-name=\"woocommerce\/cart-express-payment-block\" class=\"wp-block-woocommerce-cart-express-payment-block\"><\/div>\n\n\n\n<div data-block-name=\"woocommerce\/proceed-to-checkout-block\" class=\"wp-block-woocommerce-proceed-to-checkout-block\"><\/div>\n\n\n\n<div data-block-name=\"woocommerce\/cart-accepted-payment-methods-block\" class=\"wp-block-woocommerce-cart-accepted-payment-methods-block\"><\/div>\n<\/div>\n<\/div>\n\n\n\n<div data-block-name=\"woocommerce\/empty-cart-block\" class=\"wp-block-woocommerce-empty-cart-block\">\n<h2 class=\"wp-block-heading has-text-align-center with-empty-cart-icon wc-block-cart__empty-cart__title\">\u0633\u0644\u062a\u0643 \u0641\u0627\u0631\u063a\u0629 \u062d\u0627\u0644\u064a\u0627\u064b!<\/h2>\n\n\n\n<hr class=\"wp-block-separator has-alpha-channel-opacity is-style-dots\"\/>\n\n\n\n<h2 class=\"wp-block-heading has-text-align-center\">\u0627\u0644\u062c\u062f\u064a\u062f \u0641\u064a \u0627\u0644\u0645\u062a\u062c\u0631<\/h2>\n\n\n<div data-block-name=\"woocommerce\/product-new\" data-columns=\"4\" data-rows=\"1\" class=\"wc-block-grid wp-block-product-new wp-block-woocommerce-product-new wc-block-product-new has-4-columns\"><ul class=\"wc-block-grid__products\"><li class=\"wc-block-grid__product\">\n\t\t\t\t<a href=\"https:\/\/www.islamicartsgallery.com\/en\/urun\/elif\/\" class=\"wc-block-grid__product-link\">\n\t\t\t\t\t\n\t\t\t\t\t<div class=\"wc-block-grid__product-image\"><img decoding=\"async\" width=\"500\" height=\"2125\" src=\"https:\/\/www.islamicartsgallery.com\/wp-content\/uploads\/2024\/06\/ismail-tirkes-elif50x12-500x2125.jpg\" class=\"attachment-woocommerce_thumbnail size-woocommerce_thumbnail lazyload\" alt=\"Elif\" srcset=\"data:image\/svg+xml,%3Csvg%20xmlns%3D%27http%3A%2F%2Fwww.w3.org%2F2000%2Fsvg%27%20width%3D%27549%27%20height%3D%272333%27%20viewBox%3D%270%200%20549%202333%27%3E%3Crect%20width%3D%27549%27%20height%3D%272333%27%20fill-opacity%3D%220%22%2F%3E%3C%2Fsvg%3E\" data-orig-src=\"https:\/\/www.islamicartsgallery.com\/wp-content\/uploads\/2024\/06\/ismail-tirkes-elif50x12-500x2125.jpg\" data-srcset=\"https:\/\/www.islamicartsgallery.com\/wp-content\/uploads\/2024\/06\/ismail-tirkes-elif50x12-200x850.jpg 200w, https:\/\/www.islamicartsgallery.com\/wp-content\/uploads\/2024\/06\/ismail-tirkes-elif50x12-241x1024.jpg 241w, https:\/\/www.islamicartsgallery.com\/wp-content\/uploads\/2024\/06\/ismail-tirkes-elif50x12-400x1700.jpg 400w, https:\/\/www.islamicartsgallery.com\/wp-content\/uploads\/2024\/06\/ismail-tirkes-elif50x12-482x2048.jpg 482w, https:\/\/www.islamicartsgallery.com\/wp-content\/uploads\/2024\/06\/ismail-tirkes-elif50x12-500x2125.jpg 500w, https:\/\/www.islamicartsgallery.com\/wp-content\/uploads\/2024\/06\/ismail-tirkes-elif50x12.jpg 549w\" data-sizes=\"auto\" \/><\/div>\n\t\t\t\t\t<div class=\"wc-block-grid__product-title\">Elif<\/div>\n\t\t\t\t<\/a>\n\t\t\t\t<div class=\"wc-block-grid__product-price price\"><span class=\"woocommerce-Price-amount amount\"><span class=\"woocommerce-Price-currencySymbol\">&#8378;<\/span>14.000,00<\/span><\/div>\n\t\t\t\t\n\t\t\t\t<div class=\"wp-block-button wc-block-grid__product-add-to-cart\"><a href=\"\/ar\/wp-json\/wp\/v2\/pages\/374?add-to-cart=598\" aria-label=\"\u0625\u0636\u0627\u0641\u0629 \u0625\u0644\u0649 \u0639\u0631\u0628\u0629 \u0627\u0644\u062a\u0633\u0648\u0642: &quot;Elif&quot;\" data-quantity=\"1\" data-product_id=\"598\" data-product_sku=\"\" data-price=\"14000\" rel=\"nofollow\" class=\"wp-block-button__link  add_to_cart_button ajax_add_to_cart\">\u0625\u0636\u0627\u0641\u0629 \u0625\u0644\u0649 \u0627\u0644\u0633\u0644\u0629<\/a><\/div>\n\t\t\t<\/li><li class=\"wc-block-grid__product\">\n\t\t\t\t<a href=\"https:\/\/www.islamicartsgallery.com\/ar\/urun\/galata-ve-taksim\/\" class=\"wc-block-grid__product-link\">\n\t\t\t\t\t\n\t\t\t\t\t<div class=\"wc-block-grid__product-image\"><img decoding=\"async\" width=\"500\" height=\"299\" src=\"https:\/\/www.islamicartsgallery.com\/wp-content\/uploads\/2024\/06\/ismail-tirkes-galata-49x33-1-500x299.jpg\" class=\"attachment-woocommerce_thumbnail size-woocommerce_thumbnail lazyload\" alt=\"Galata ve Taksim\" srcset=\"data:image\/svg+xml,%3Csvg%20xmlns%3D%27http%3A%2F%2Fwww.w3.org%2F2000%2Fsvg%27%20width%3D%271958%27%20height%3D%271172%27%20viewBox%3D%270%200%201958%201172%27%3E%3Crect%20width%3D%271958%27%20height%3D%271172%27%20fill-opacity%3D%220%22%2F%3E%3C%2Fsvg%3E\" data-orig-src=\"https:\/\/www.islamicartsgallery.com\/wp-content\/uploads\/2024\/06\/ismail-tirkes-galata-49x33-1-500x299.jpg\" data-srcset=\"https:\/\/www.islamicartsgallery.com\/wp-content\/uploads\/2024\/06\/ismail-tirkes-galata-49x33-1-200x120.jpg 200w, https:\/\/www.islamicartsgallery.com\/wp-content\/uploads\/2024\/06\/ismail-tirkes-galata-49x33-1-300x180.jpg 300w, https:\/\/www.islamicartsgallery.com\/wp-content\/uploads\/2024\/06\/ismail-tirkes-galata-49x33-1-400x239.jpg 400w, https:\/\/www.islamicartsgallery.com\/wp-content\/uploads\/2024\/06\/ismail-tirkes-galata-49x33-1-500x299.jpg 500w, https:\/\/www.islamicartsgallery.com\/wp-content\/uploads\/2024\/06\/ismail-tirkes-galata-49x33-1-600x359.jpg 600w, https:\/\/www.islamicartsgallery.com\/wp-content\/uploads\/2024\/06\/ismail-tirkes-galata-49x33-1-700x419.jpg 700w, https:\/\/www.islamicartsgallery.com\/wp-content\/uploads\/2024\/06\/ismail-tirkes-galata-49x33-1-768x460.jpg 768w, https:\/\/www.islamicartsgallery.com\/wp-content\/uploads\/2024\/06\/ismail-tirkes-galata-49x33-1-800x479.jpg 800w, https:\/\/www.islamicartsgallery.com\/wp-content\/uploads\/2024\/06\/ismail-tirkes-galata-49x33-1-1024x613.jpg 1024w, https:\/\/www.islamicartsgallery.com\/wp-content\/uploads\/2024\/06\/ismail-tirkes-galata-49x33-1-1200x718.jpg 1200w, https:\/\/www.islamicartsgallery.com\/wp-content\/uploads\/2024\/06\/ismail-tirkes-galata-49x33-1-1536x919.jpg 1536w\" data-sizes=\"auto\" \/><\/div>\n\t\t\t\t\t<div class=\"wc-block-grid__product-title\">Galata ve Taksim<\/div>\n\t\t\t\t<\/a>\n\t\t\t\t<div class=\"wc-block-grid__product-price price\"><span class=\"woocommerce-Price-amount amount\"><span class=\"woocommerce-Price-currencySymbol\">&#8378;<\/span>14.000,00<\/span><\/div>\n\t\t\t\t\n\t\t\t\t<div class=\"wp-block-button wc-block-grid__product-add-to-cart\"><a href=\"\/ar\/wp-json\/wp\/v2\/pages\/374?add-to-cart=356\" aria-label=\"\u0625\u0636\u0627\u0641\u0629 \u0625\u0644\u0649 \u0639\u0631\u0628\u0629 \u0627\u0644\u062a\u0633\u0648\u0642: &quot;Galata ve Taksim&quot;\" data-quantity=\"1\" data-product_id=\"356\" data-product_sku=\"\" data-price=\"14000\" rel=\"nofollow\" class=\"wp-block-button__link  add_to_cart_button ajax_add_to_cart\">\u0625\u0636\u0627\u0641\u0629 \u0625\u0644\u0649 \u0627\u0644\u0633\u0644\u0629<\/a><\/div>\n\t\t\t<\/li><li class=\"wc-block-grid__product\">\n\t\t\t\t<a href=\"https:\/\/www.islamicartsgallery.com\/ar\/urun\/elhamdulillah\/\" class=\"wc-block-grid__product-link\">\n\t\t\t\t\t\n\t\t\t\t\t<div class=\"wc-block-grid__product-image\"><img decoding=\"async\" width=\"500\" height=\"938\" src=\"https:\/\/www.islamicartsgallery.com\/wp-content\/uploads\/2024\/06\/ismail-tirkes-elhamdulillah23x44-500x938.jpg\" class=\"attachment-woocommerce_thumbnail size-woocommerce_thumbnail lazyload\" alt=\"Elhamd\u00fclillah\" srcset=\"data:image\/svg+xml,%3Csvg%20xmlns%3D%27http%3A%2F%2Fwww.w3.org%2F2000%2Fsvg%27%20width%3D%27986%27%20height%3D%271849%27%20viewBox%3D%270%200%20986%201849%27%3E%3Crect%20width%3D%27986%27%20height%3D%271849%27%20fill-opacity%3D%220%22%2F%3E%3C%2Fsvg%3E\" data-orig-src=\"https:\/\/www.islamicartsgallery.com\/wp-content\/uploads\/2024\/06\/ismail-tirkes-elhamdulillah23x44-500x938.jpg\" data-srcset=\"https:\/\/www.islamicartsgallery.com\/wp-content\/uploads\/2024\/06\/ismail-tirkes-elhamdulillah23x44-160x300.jpg 160w, https:\/\/www.islamicartsgallery.com\/wp-content\/uploads\/2024\/06\/ismail-tirkes-elhamdulillah23x44-200x375.jpg 200w, https:\/\/www.islamicartsgallery.com\/wp-content\/uploads\/2024\/06\/ismail-tirkes-elhamdulillah23x44-400x750.jpg 400w, https:\/\/www.islamicartsgallery.com\/wp-content\/uploads\/2024\/06\/ismail-tirkes-elhamdulillah23x44-500x938.jpg 500w, https:\/\/www.islamicartsgallery.com\/wp-content\/uploads\/2024\/06\/ismail-tirkes-elhamdulillah23x44-546x1024.jpg 546w, https:\/\/www.islamicartsgallery.com\/wp-content\/uploads\/2024\/06\/ismail-tirkes-elhamdulillah23x44-600x1125.jpg 600w, https:\/\/www.islamicartsgallery.com\/wp-content\/uploads\/2024\/06\/ismail-tirkes-elhamdulillah23x44-700x1313.jpg 700w, https:\/\/www.islamicartsgallery.com\/wp-content\/uploads\/2024\/06\/ismail-tirkes-elhamdulillah23x44-768x1440.jpg 768w, https:\/\/www.islamicartsgallery.com\/wp-content\/uploads\/2024\/06\/ismail-tirkes-elhamdulillah23x44-800x1500.jpg 800w, https:\/\/www.islamicartsgallery.com\/wp-content\/uploads\/2024\/06\/ismail-tirkes-elhamdulillah23x44-819x1536.jpg 819w, https:\/\/www.islamicartsgallery.com\/wp-content\/uploads\/2024\/06\/ismail-tirkes-elhamdulillah23x44-rotated.jpg 986w\" data-sizes=\"auto\" \/><\/div>\n\t\t\t\t\t<div class=\"wc-block-grid__product-title\">Elhamd\u00fclillah<\/div>\n\t\t\t\t<\/a>\n\t\t\t\t<div class=\"wc-block-grid__product-price price\"><span class=\"woocommerce-Price-amount amount\"><span class=\"woocommerce-Price-currencySymbol\">&#8378;<\/span>19.000,00<\/span><\/div>\n\t\t\t\t\n\t\t\t\t<div class=\"wp-block-button wc-block-grid__product-add-to-cart\"><a href=\"\/ar\/wp-json\/wp\/v2\/pages\/374?add-to-cart=354\" aria-label=\"\u0625\u0636\u0627\u0641\u0629 \u0625\u0644\u0649 \u0639\u0631\u0628\u0629 \u0627\u0644\u062a\u0633\u0648\u0642: &quot;Elhamd\u00fclillah&quot;\" data-quantity=\"1\" data-product_id=\"354\" data-product_sku=\"\" data-price=\"19000\" rel=\"nofollow\" class=\"wp-block-button__link  add_to_cart_button ajax_add_to_cart\">\u0625\u0636\u0627\u0641\u0629 \u0625\u0644\u0649 \u0627\u0644\u0633\u0644\u0629<\/a><\/div>\n\t\t\t<\/li><li class=\"wc-block-grid__product\">\n\t\t\t\t<a href=\"https:\/\/www.islamicartsgallery.com\/ar\/urun\/ismail-tirkes-lale\/\" class=\"wc-block-grid__product-link\">\n\t\t\t\t\t\n\t\t\t\t\t<div class=\"wc-block-grid__product-image\"><img decoding=\"async\" width=\"500\" height=\"746\" src=\"https:\/\/www.islamicartsgallery.com\/wp-content\/uploads\/2024\/06\/ismail-tirkes-lale-47x32-1-500x746.jpg\" class=\"attachment-woocommerce_thumbnail size-woocommerce_thumbnail lazyload\" alt=\"\u0130smail Tirke\u015f Lale\" srcset=\"data:image\/svg+xml,%3Csvg%20xmlns%3D%27http%3A%2F%2Fwww.w3.org%2F2000%2Fsvg%27%20width%3D%271715%27%20height%3D%272560%27%20viewBox%3D%270%200%201715%202560%27%3E%3Crect%20width%3D%271715%27%20height%3D%272560%27%20fill-opacity%3D%220%22%2F%3E%3C%2Fsvg%3E\" data-orig-src=\"https:\/\/www.islamicartsgallery.com\/wp-content\/uploads\/2024\/06\/ismail-tirkes-lale-47x32-1-500x746.jpg\" data-srcset=\"https:\/\/www.islamicartsgallery.com\/wp-content\/uploads\/2024\/06\/ismail-tirkes-lale-47x32-1-200x299.jpg 200w, https:\/\/www.islamicartsgallery.com\/wp-content\/uploads\/2024\/06\/ismail-tirkes-lale-47x32-1-201x300.jpg 201w, https:\/\/www.islamicartsgallery.com\/wp-content\/uploads\/2024\/06\/ismail-tirkes-lale-47x32-1-400x597.jpg 400w, https:\/\/www.islamicartsgallery.com\/wp-content\/uploads\/2024\/06\/ismail-tirkes-lale-47x32-1-500x746.jpg 500w, https:\/\/www.islamicartsgallery.com\/wp-content\/uploads\/2024\/06\/ismail-tirkes-lale-47x32-1-600x896.jpg 600w, https:\/\/www.islamicartsgallery.com\/wp-content\/uploads\/2024\/06\/ismail-tirkes-lale-47x32-1-686x1024.jpg 686w, https:\/\/www.islamicartsgallery.com\/wp-content\/uploads\/2024\/06\/ismail-tirkes-lale-47x32-1-700x1045.jpg 700w, https:\/\/www.islamicartsgallery.com\/wp-content\/uploads\/2024\/06\/ismail-tirkes-lale-47x32-1-768x1146.jpg 768w, https:\/\/www.islamicartsgallery.com\/wp-content\/uploads\/2024\/06\/ismail-tirkes-lale-47x32-1-800x1194.jpg 800w, https:\/\/www.islamicartsgallery.com\/wp-content\/uploads\/2024\/06\/ismail-tirkes-lale-47x32-1-1029x1536.jpg 1029w, https:\/\/www.islamicartsgallery.com\/wp-content\/uploads\/2024\/06\/ismail-tirkes-lale-47x32-1-1200x1791.jpg 1200w, https:\/\/www.islamicartsgallery.com\/wp-content\/uploads\/2024\/06\/ismail-tirkes-lale-47x32-1-1372x2048.jpg 1372w, https:\/\/www.islamicartsgallery.com\/wp-content\/uploads\/2024\/06\/ismail-tirkes-lale-47x32-1-scaled.jpg 1715w\" data-sizes=\"auto\" \/><\/div>\n\t\t\t\t\t<div class=\"wc-block-grid__product-title\">\u0130smail Tirke\u015f Lale<\/div>\n\t\t\t\t<\/a>\n\t\t\t\t<div class=\"wc-block-grid__product-price price\"><span class=\"woocommerce-Price-amount amount\"><span class=\"woocommerce-Price-currencySymbol\">&#8378;<\/span>15.000,00<\/span><\/div>\n\t\t\t\t\n\t\t\t\t<div class=\"wp-block-button wc-block-grid__product-add-to-cart\"><a href=\"\/ar\/wp-json\/wp\/v2\/pages\/374?add-to-cart=352\" aria-label=\"\u0625\u0636\u0627\u0641\u0629 \u0625\u0644\u0649 \u0639\u0631\u0628\u0629 \u0627\u0644\u062a\u0633\u0648\u0642: &quot;\u0130smail Tirke\u015f Lale&quot;\" data-quantity=\"1\" data-product_id=\"352\" data-product_sku=\"\" data-price=\"15000\" rel=\"nofollow\" class=\"wp-block-button__link  add_to_cart_button ajax_add_to_cart\">\u0625\u0636\u0627\u0641\u0629 \u0625\u0644\u0649 \u0627\u0644\u0633\u0644\u0629<\/a><\/div>\n\t\t\t<\/li><\/ul><\/div><\/div>\n<\/div>\n","protected":false},"excerpt":{"rendered":"","protected":false},"author":1,"featured_media":0,"parent":0,"menu_order":0,"comment_status":"closed","ping_status":"closed","template":"100-width.php","meta":{"footnotes":""},"class_list":["post-374","page","type-page","status-publish","hentry"],"yoast_head":"<!-- This site is optimized with the Yoast SEO plugin v26.7 - https:\/\/yoast.com\/wordpress\/plugins\/seo\/ -->\n<title>\u0633\u0644\u0629 - ISLAMIC ARTS GALLERY<\/title>\n<meta name=\"robots\" content=\"index, follow, max-snippet:-1, max-image-preview:large, max-video-preview:-1\" \/>\n<link rel=\"canonical\" href=\"https:\/\/www.islamicartsgallery.com\/ar\/cart\/\" \/>\n<meta property=\"og:locale\" content=\"ar_AR\" \/>\n<meta property=\"og:type\" content=\"article\" \/>\n<meta property=\"og:title\" content=\"\u0633\u0644\u0629 - ISLAMIC ARTS GALLERY\" \/>\n<meta property=\"og:url\" content=\"https:\/\/www.islamicartsgallery.com\/ar\/cart\/\" \/>\n<meta property=\"og:site_name\" content=\"ISLAMIC ARTS GALLERY\" \/>\n<meta property=\"article:modified_time\" content=\"2024-07-23T19:50:09+00:00\" \/>\n<meta name=\"twitter:card\" content=\"summary_large_image\" \/>\n<script type=\"application\/ld+json\" class=\"yoast-schema-graph\">{\"@context\":\"https:\/\/schema.org\",\"@graph\":[{\"@type\":\"WebPage\",\"@id\":\"https:\/\/www.islamicartsgallery.com\/ar\/cart\/\",\"url\":\"https:\/\/www.islamicartsgallery.com\/ar\/cart\/\",\"name\":\"\u0633\u0644\u0629 - ISLAMIC ARTS GALLERY\",\"isPartOf\":{\"@id\":\"https:\/\/www.islamicartsgallery.com\/ar\/#website\"},\"datePublished\":\"2024-02-05T11:14:55+00:00\",\"dateModified\":\"2024-07-23T19:50:09+00:00\",\"breadcrumb\":{\"@id\":\"https:\/\/www.islamicartsgallery.com\/ar\/cart\/#breadcrumb\"},\"inLanguage\":\"ar\",\"potentialAction\":[{\"@type\":\"ReadAction\",\"target\":[\"https:\/\/www.islamicartsgallery.com\/ar\/cart\/\"]}]},{\"@type\":\"BreadcrumbList\",\"@id\":\"https:\/\/www.islamicartsgallery.com\/ar\/cart\/#breadcrumb\",\"itemListElement\":[{\"@type\":\"ListItem\",\"position\":1,\"name\":\"Anasayfa\",\"item\":\"https:\/\/www.islamicartsgallery.com\/ar\/%d8%a7%d9%84%d8%b5%d9%81%d8%ad%d8%a9-%d8%a7%d9%84%d8%b1%d8%a6%d9%8a%d8%b3%d9%8a%d8%a9\/\"},{\"@type\":\"ListItem\",\"position\":2,\"name\":\"\u0633\u0644\u0629\"}]},{\"@type\":\"WebSite\",\"@id\":\"https:\/\/www.islamicartsgallery.com\/ar\/#website\",\"url\":\"https:\/\/www.islamicartsgallery.com\/ar\/\",\"name\":\"ISLAMIC ARTS GALLERY\",\"description\":\"T\u00fcrk ve \u0130slam Sanatlar\u0131 Galerisi Online Sat\u0131\u015f\",\"potentialAction\":[{\"@type\":\"SearchAction\",\"target\":{\"@type\":\"EntryPoint\",\"urlTemplate\":\"https:\/\/www.islamicartsgallery.com\/ar\/?s={search_term_string}\"},\"query-input\":{\"@type\":\"PropertyValueSpecification\",\"valueRequired\":true,\"valueName\":\"search_term_string\"}}],\"inLanguage\":\"ar\"}]}<\/script>\n<!-- \/ Yoast SEO plugin. -->","yoast_head_json":{"title":"\u0633\u0644\u0629 - ISLAMIC ARTS GALLERY","robots":{"index":"index","follow":"follow","max-snippet":"max-snippet:-1","max-image-preview":"max-image-preview:large","max-video-preview":"max-video-preview:-1"},"canonical":"https:\/\/www.islamicartsgallery.com\/ar\/cart\/","og_locale":"ar_AR","og_type":"article","og_title":"\u0633\u0644\u0629 - ISLAMIC ARTS GALLERY","og_url":"https:\/\/www.islamicartsgallery.com\/ar\/cart\/","og_site_name":"ISLAMIC ARTS GALLERY","article_modified_time":"2024-07-23T19:50:09+00:00","twitter_card":"summary_large_image","schema":{"@context":"https:\/\/schema.org","@graph":[{"@type":"WebPage","@id":"https:\/\/www.islamicartsgallery.com\/ar\/cart\/","url":"https:\/\/www.islamicartsgallery.com\/ar\/cart\/","name":"\u0633\u0644\u0629 - ISLAMIC ARTS GALLERY","isPartOf":{"@id":"https:\/\/www.islamicartsgallery.com\/ar\/#website"},"datePublished":"2024-02-05T11:14:55+00:00","dateModified":"2024-07-23T19:50:09+00:00","breadcrumb":{"@id":"https:\/\/www.islamicartsgallery.com\/ar\/cart\/#breadcrumb"},"inLanguage":"ar","potentialAction":[{"@type":"ReadAction","target":["https:\/\/www.islamicartsgallery.com\/ar\/cart\/"]}]},{"@type":"BreadcrumbList","@id":"https:\/\/www.islamicartsgallery.com\/ar\/cart\/#breadcrumb","itemListElement":[{"@type":"ListItem","position":1,"name":"Anasayfa","item":"https:\/\/www.islamicartsgallery.com\/ar\/%d8%a7%d9%84%d8%b5%d9%81%d8%ad%d8%a9-%d8%a7%d9%84%d8%b1%d8%a6%d9%8a%d8%b3%d9%8a%d8%a9\/"},{"@type":"ListItem","position":2,"name":"\u0633\u0644\u0629"}]},{"@type":"WebSite","@id":"https:\/\/www.islamicartsgallery.com\/ar\/#website","url":"https:\/\/www.islamicartsgallery.com\/ar\/","name":"ISLAMIC ARTS GALLERY","description":"T\u00fcrk ve \u0130slam Sanatlar\u0131 Galerisi Online Sat\u0131\u015f","potentialAction":[{"@type":"SearchAction","target":{"@type":"EntryPoint","urlTemplate":"https:\/\/www.islamicartsgallery.com\/ar\/?s={search_term_string}"},"query-input":{"@type":"PropertyValueSpecification","valueRequired":true,"valueName":"search_term_string"}}],"inLanguage":"ar"}]}},"jetpack_sharing_enabled":true,"_links":{"self":[{"href":"https:\/\/www.islamicartsgallery.com\/ar\/wp-json\/wp\/v2\/pages\/374","targetHints":{"allow":["GET"]}}],"collection":[{"href":"https:\/\/www.islamicartsgallery.com\/ar\/wp-json\/wp\/v2\/pages"}],"about":[{"href":"https:\/\/www.islamicartsgallery.com\/ar\/wp-json\/wp\/v2\/types\/page"}],"author":[{"embeddable":true,"href":"https:\/\/www.islamicartsgallery.com\/ar\/wp-json\/wp\/v2\/users\/1"}],"replies":[{"embeddable":true,"href":"https:\/\/www.islamicartsgallery.com\/ar\/wp-json\/wp\/v2\/comments?post=374"}],"version-history":[{"count":2,"href":"https:\/\/www.islamicartsgallery.com\/ar\/wp-json\/wp\/v2\/pages\/374\/revisions"}],"predecessor-version":[{"id":613,"href":"https:\/\/www.islamicartsgallery.com\/ar\/wp-json\/wp\/v2\/pages\/374\/revisions\/613"}],"wp:attachment":[{"href":"https:\/\/www.islamicartsgallery.com\/ar\/wp-json\/wp\/v2\/media?parent=374"}],"curies":[{"name":"wp","href":"https:\/\/api.w.org\/{rel}","templated":true}]}}