{"id":250,"date":"2024-03-28T20:10:53","date_gmt":"2024-03-28T20:10:53","guid":{"rendered":"https:\/\/www.islamicartsgallery.com\/?post_type=product&#038;p=250"},"modified":"2024-03-28T20:17:19","modified_gmt":"2024-03-28T20:17:19","slug":"anasinin-kuzusu","status":"publish","type":"product","link":"https:\/\/www.islamicartsgallery.com\/en\/urun\/anasinin-kuzusu\/","title":{"rendered":"Anas\u0131n\u0131n Kuzusu"},"content":{"rendered":"<p>Eser A\u00e7\u0131klamas\u0131 :<\/p>\n<p>Anas\u0131n\u0131n kuzusu isimli bu ebru da; b\u00fcy\u00fck\u00e7e olan ebrunun yapra\u011f\u0131 alt\u0131na &#8220;s\u0131\u011f\u0131nm\u0131\u015f&#8221; daha k\u00fc\u00e7\u00fck bir lale olan 2 adet \u00e7i\u00e7ek tasvir edilmi\u015ftir.<\/p>\n<p>Sanat\u00e7\u0131 : Fatih Ye\u015fil<\/p>\n<p>Eser \u00d6l\u00e7\u00fcs\u00fc : 49,5 cm x 34,5 cm<\/p>\n<p>Not : Eser klasik murakkal\u0131 olup, \u00e7er\u00e7evesizdir.<\/p>\n","protected":false},"excerpt":{"rendered":"<p>Anas\u0131n\u0131n kuzusu isimli bu ebru da; b\u00fcy\u00fck\u00e7e olan ebrunun yapra\u011f\u0131 alt\u0131na &#8220;s\u0131\u011f\u0131nm\u0131\u015f&#8221; daha k\u00fc\u00e7\u00fck bir lale olan 2 adet \u00e7i\u00e7ek tasvir edilmi\u015ftir.<\/p>\n","protected":false},"featured_media":217,"template":"","meta":[],"product_brand":[],"product_cat":[15],"product_tag":[],"class_list":{"0":"post-250","1":"product","2":"type-product","3":"status-publish","4":"has-post-thumbnail","6":"product_cat-genel","8":"first","9":"instock","10":"sold-individually","11":"taxable","12":"shipping-taxable","13":"purchasable","14":"product-type-simple"},"yoast_head":"<!-- This site is optimized with the Yoast SEO plugin v26.7 - https:\/\/yoast.com\/wordpress\/plugins\/seo\/ -->\n<title>Anas\u0131n\u0131n Kuzusu - ISLAMIC ARTS GALLERY<\/title>\n<meta name=\"description\" content=\"Anas\u0131n\u0131n kuzusu isimli bu ebru da; b\u00fcy\u00fck\u00e7e olan ebrunun yapra\u011f\u0131 alt\u0131na &quot;s\u0131\u011f\u0131nm\u0131\u015f&quot; daha k\u00fc\u00e7\u00fck bir lale olan 2 adet \u00e7i\u00e7ek tasvir edilmi\u015ftir.\" \/>\n<meta name=\"robots\" content=\"index, follow, max-snippet:-1, max-image-preview:large, max-video-preview:-1\" \/>\n<link rel=\"canonical\" href=\"https:\/\/www.islamicartsgallery.com\/en\/urun\/anasinin-kuzusu\/\" \/>\n<meta property=\"og:locale\" content=\"en_GB\" \/>\n<meta property=\"og:type\" content=\"article\" \/>\n<meta property=\"og:title\" content=\"Anas\u0131n\u0131n Kuzusu - ISLAMIC ARTS GALLERY\" \/>\n<meta property=\"og:description\" content=\"Anas\u0131n\u0131n kuzusu isimli bu ebru da; b\u00fcy\u00fck\u00e7e olan ebrunun yapra\u011f\u0131 alt\u0131na &quot;s\u0131\u011f\u0131nm\u0131\u015f&quot; daha k\u00fc\u00e7\u00fck bir lale olan 2 adet \u00e7i\u00e7ek tasvir edilmi\u015ftir.\" \/>\n<meta property=\"og:url\" content=\"https:\/\/www.islamicartsgallery.com\/en\/urun\/anasinin-kuzusu\/\" \/>\n<meta property=\"og:site_name\" content=\"ISLAMIC ARTS GALLERY\" \/>\n<meta property=\"article:modified_time\" content=\"2024-03-28T20:17:19+00:00\" \/>\n<meta property=\"og:image\" content=\"https:\/\/www.islamicartsgallery.com\/wp-content\/uploads\/2024\/03\/anasinin-kuzusu-ebru-scaled.jpg\" \/>\n\t<meta property=\"og:image:width\" content=\"1830\" \/>\n\t<meta property=\"og:image:height\" content=\"2560\" \/>\n\t<meta property=\"og:image:type\" content=\"image\/jpeg\" \/>\n<meta name=\"twitter:card\" content=\"summary_large_image\" \/>\n<meta name=\"twitter:label1\" content=\"Estimated reading time\" \/>\n\t<meta name=\"twitter:data1\" content=\"1 minute\" \/>\n<script type=\"application\/ld+json\" class=\"yoast-schema-graph\">{\"@context\":\"https:\/\/schema.org\",\"@graph\":[{\"@type\":\"WebPage\",\"@id\":\"https:\/\/www.islamicartsgallery.com\/en\/urun\/anasinin-kuzusu\/\",\"url\":\"https:\/\/www.islamicartsgallery.com\/en\/urun\/anasinin-kuzusu\/\",\"name\":\"Anas\u0131n\u0131n Kuzusu - ISLAMIC ARTS GALLERY\",\"isPartOf\":{\"@id\":\"https:\/\/www.islamicartsgallery.com\/en\/#website\"},\"primaryImageOfPage\":{\"@id\":\"https:\/\/www.islamicartsgallery.com\/en\/urun\/anasinin-kuzusu\/#primaryimage\"},\"image\":{\"@id\":\"https:\/\/www.islamicartsgallery.com\/en\/urun\/anasinin-kuzusu\/#primaryimage\"},\"thumbnailUrl\":\"https:\/\/www.islamicartsgallery.com\/wp-content\/uploads\/2024\/03\/anasinin-kuzusu-ebru-scaled.jpg\",\"datePublished\":\"2024-03-28T20:10:53+00:00\",\"dateModified\":\"2024-03-28T20:17:19+00:00\",\"description\":\"Anas\u0131n\u0131n kuzusu isimli bu ebru da; b\u00fcy\u00fck\u00e7e olan ebrunun yapra\u011f\u0131 alt\u0131na \\\"s\u0131\u011f\u0131nm\u0131\u015f\\\" daha k\u00fc\u00e7\u00fck bir lale olan 2 adet \u00e7i\u00e7ek tasvir edilmi\u015ftir.\",\"breadcrumb\":{\"@id\":\"https:\/\/www.islamicartsgallery.com\/en\/urun\/anasinin-kuzusu\/#breadcrumb\"},\"inLanguage\":\"en-GB\",\"potentialAction\":[{\"@type\":\"ReadAction\",\"target\":[\"https:\/\/www.islamicartsgallery.com\/en\/urun\/anasinin-kuzusu\/\"]}]},{\"@type\":\"ImageObject\",\"inLanguage\":\"en-GB\",\"@id\":\"https:\/\/www.islamicartsgallery.com\/en\/urun\/anasinin-kuzusu\/#primaryimage\",\"url\":\"https:\/\/www.islamicartsgallery.com\/wp-content\/uploads\/2024\/03\/anasinin-kuzusu-ebru-scaled.jpg\",\"contentUrl\":\"https:\/\/www.islamicartsgallery.com\/wp-content\/uploads\/2024\/03\/anasinin-kuzusu-ebru-scaled.jpg\",\"width\":1830,\"height\":2560,\"caption\":\"anas\u0131n\u0131n kuzusu ebru\"},{\"@type\":\"BreadcrumbList\",\"@id\":\"https:\/\/www.islamicartsgallery.com\/en\/urun\/anasinin-kuzusu\/#breadcrumb\",\"itemListElement\":[{\"@type\":\"ListItem\",\"position\":1,\"name\":\"Anasayfa\",\"item\":\"https:\/\/www.islamicartsgallery.com\/en\/home-page\/\"},{\"@type\":\"ListItem\",\"position\":2,\"name\":\"Ma\u011faza\",\"item\":\"https:\/\/www.islamicartsgallery.com\/magaza\/\"},{\"@type\":\"ListItem\",\"position\":3,\"name\":\"Anas\u0131n\u0131n Kuzusu\"}]},{\"@type\":\"WebSite\",\"@id\":\"https:\/\/www.islamicartsgallery.com\/en\/#website\",\"url\":\"https:\/\/www.islamicartsgallery.com\/en\/\",\"name\":\"ISLAMIC ARTS GALLERY\",\"description\":\"T\u00fcrk ve \u0130slam Sanatlar\u0131 Galerisi Online Sat\u0131\u015f\",\"potentialAction\":[{\"@type\":\"SearchAction\",\"target\":{\"@type\":\"EntryPoint\",\"urlTemplate\":\"https:\/\/www.islamicartsgallery.com\/en\/?s={search_term_string}\"},\"query-input\":{\"@type\":\"PropertyValueSpecification\",\"valueRequired\":true,\"valueName\":\"search_term_string\"}}],\"inLanguage\":\"en-GB\"}]}<\/script>\n<!-- \/ Yoast SEO plugin. -->","yoast_head_json":{"title":"Anas\u0131n\u0131n Kuzusu - ISLAMIC ARTS GALLERY","description":"Anas\u0131n\u0131n kuzusu isimli bu ebru da; b\u00fcy\u00fck\u00e7e olan ebrunun yapra\u011f\u0131 alt\u0131na \"s\u0131\u011f\u0131nm\u0131\u015f\" daha k\u00fc\u00e7\u00fck bir lale olan 2 adet \u00e7i\u00e7ek tasvir edilmi\u015ftir.","robots":{"index":"index","follow":"follow","max-snippet":"max-snippet:-1","max-image-preview":"max-image-preview:large","max-video-preview":"max-video-preview:-1"},"canonical":"https:\/\/www.islamicartsgallery.com\/en\/urun\/anasinin-kuzusu\/","og_locale":"en_GB","og_type":"article","og_title":"Anas\u0131n\u0131n Kuzusu - ISLAMIC ARTS GALLERY","og_description":"Anas\u0131n\u0131n kuzusu isimli bu ebru da; b\u00fcy\u00fck\u00e7e olan ebrunun yapra\u011f\u0131 alt\u0131na \"s\u0131\u011f\u0131nm\u0131\u015f\" daha k\u00fc\u00e7\u00fck bir lale olan 2 adet \u00e7i\u00e7ek tasvir edilmi\u015ftir.","og_url":"https:\/\/www.islamicartsgallery.com\/en\/urun\/anasinin-kuzusu\/","og_site_name":"ISLAMIC ARTS GALLERY","article_modified_time":"2024-03-28T20:17:19+00:00","og_image":[{"width":1830,"height":2560,"url":"https:\/\/www.islamicartsgallery.com\/wp-content\/uploads\/2024\/03\/anasinin-kuzusu-ebru-scaled.jpg","type":"image\/jpeg"}],"twitter_card":"summary_large_image","twitter_misc":{"Estimated reading time":"1 minute"},"schema":{"@context":"https:\/\/schema.org","@graph":[{"@type":"WebPage","@id":"https:\/\/www.islamicartsgallery.com\/en\/urun\/anasinin-kuzusu\/","url":"https:\/\/www.islamicartsgallery.com\/en\/urun\/anasinin-kuzusu\/","name":"Anas\u0131n\u0131n Kuzusu - ISLAMIC ARTS GALLERY","isPartOf":{"@id":"https:\/\/www.islamicartsgallery.com\/en\/#website"},"primaryImageOfPage":{"@id":"https:\/\/www.islamicartsgallery.com\/en\/urun\/anasinin-kuzusu\/#primaryimage"},"image":{"@id":"https:\/\/www.islamicartsgallery.com\/en\/urun\/anasinin-kuzusu\/#primaryimage"},"thumbnailUrl":"https:\/\/www.islamicartsgallery.com\/wp-content\/uploads\/2024\/03\/anasinin-kuzusu-ebru-scaled.jpg","datePublished":"2024-03-28T20:10:53+00:00","dateModified":"2024-03-28T20:17:19+00:00","description":"Anas\u0131n\u0131n kuzusu isimli bu ebru da; b\u00fcy\u00fck\u00e7e olan ebrunun yapra\u011f\u0131 alt\u0131na \"s\u0131\u011f\u0131nm\u0131\u015f\" daha k\u00fc\u00e7\u00fck bir lale olan 2 adet \u00e7i\u00e7ek tasvir edilmi\u015ftir.","breadcrumb":{"@id":"https:\/\/www.islamicartsgallery.com\/en\/urun\/anasinin-kuzusu\/#breadcrumb"},"inLanguage":"en-GB","potentialAction":[{"@type":"ReadAction","target":["https:\/\/www.islamicartsgallery.com\/en\/urun\/anasinin-kuzusu\/"]}]},{"@type":"ImageObject","inLanguage":"en-GB","@id":"https:\/\/www.islamicartsgallery.com\/en\/urun\/anasinin-kuzusu\/#primaryimage","url":"https:\/\/www.islamicartsgallery.com\/wp-content\/uploads\/2024\/03\/anasinin-kuzusu-ebru-scaled.jpg","contentUrl":"https:\/\/www.islamicartsgallery.com\/wp-content\/uploads\/2024\/03\/anasinin-kuzusu-ebru-scaled.jpg","width":1830,"height":2560,"caption":"anas\u0131n\u0131n kuzusu ebru"},{"@type":"BreadcrumbList","@id":"https:\/\/www.islamicartsgallery.com\/en\/urun\/anasinin-kuzusu\/#breadcrumb","itemListElement":[{"@type":"ListItem","position":1,"name":"Anasayfa","item":"https:\/\/www.islamicartsgallery.com\/en\/home-page\/"},{"@type":"ListItem","position":2,"name":"Ma\u011faza","item":"https:\/\/www.islamicartsgallery.com\/magaza\/"},{"@type":"ListItem","position":3,"name":"Anas\u0131n\u0131n Kuzusu"}]},{"@type":"WebSite","@id":"https:\/\/www.islamicartsgallery.com\/en\/#website","url":"https:\/\/www.islamicartsgallery.com\/en\/","name":"ISLAMIC ARTS GALLERY","description":"T\u00fcrk ve \u0130slam Sanatlar\u0131 Galerisi Online Sat\u0131\u015f","potentialAction":[{"@type":"SearchAction","target":{"@type":"EntryPoint","urlTemplate":"https:\/\/www.islamicartsgallery.com\/en\/?s={search_term_string}"},"query-input":{"@type":"PropertyValueSpecification","valueRequired":true,"valueName":"search_term_string"}}],"inLanguage":"en-GB"}]}},"jetpack_sharing_enabled":true,"_links":{"self":[{"href":"https:\/\/www.islamicartsgallery.com\/en\/wp-json\/wp\/v2\/product\/250","targetHints":{"allow":["GET"]}}],"collection":[{"href":"https:\/\/www.islamicartsgallery.com\/en\/wp-json\/wp\/v2\/product"}],"about":[{"href":"https:\/\/www.islamicartsgallery.com\/en\/wp-json\/wp\/v2\/types\/product"}],"wp:featuredmedia":[{"embeddable":true,"href":"https:\/\/www.islamicartsgallery.com\/en\/wp-json\/wp\/v2\/media\/217"}],"wp:attachment":[{"href":"https:\/\/www.islamicartsgallery.com\/en\/wp-json\/wp\/v2\/media?parent=250"}],"wp:term":[{"taxonomy":"product_brand","embeddable":true,"href":"https:\/\/www.islamicartsgallery.com\/en\/wp-json\/wp\/v2\/product_brand?post=250"},{"taxonomy":"product_cat","embeddable":true,"href":"https:\/\/www.islamicartsgallery.com\/en\/wp-json\/wp\/v2\/product_cat?post=250"},{"taxonomy":"product_tag","embeddable":true,"href":"https:\/\/www.islamicartsgallery.com\/en\/wp-json\/wp\/v2\/product_tag?post=250"}],"curies":[{"name":"wp","href":"https:\/\/api.w.org\/{rel}","templated":true}]}}