{"id":85,"date":"2024-02-11T12:23:51","date_gmt":"2024-02-11T12:23:51","guid":{"rendered":"https:\/\/www.islamicartsgallery.com\/?post_type=product&#038;p=85"},"modified":"2024-04-01T20:24:52","modified_gmt":"2024-04-01T20:24:52","slug":"hu","status":"publish","type":"product","link":"https:\/\/www.islamicartsgallery.com\/en\/urun\/hu\/","title":{"rendered":"HU"},"content":{"rendered":"<p>Eser A\u00e7\u0131klamas\u0131 :<\/p>\n<p>Hu, Modern bir ebru \u00fczerine, karalama formunda yaz\u0131lm\u0131\u015f celi s\u00fcl\u00fcs HU kompozisyonu. Eserin sol \u00fcst k\u0131sm\u0131 \u015fal ebru ile bezenmi\u015f ve cetvel k\u0131sm\u0131ndan a\u015fa\u011f\u0131ya do\u011fru zincir ve madalyon formunda tezhip s\u00fcslemesi yap\u0131lm\u0131\u015ft\u0131r.<\/p>\n<p>Sanat\u00e7\u0131lar :<\/p>\n<p>Hat ve ebru : Fatih Ye\u015fil<\/p>\n<p>Tezhip : Merve Erdo\u011fan<\/p>\n<p>\u00c7er\u00e7eveli Eser \u00d6l\u00e7\u00fcs\u00fc : 50 cm x 45,5 cm<\/p>\n","protected":false},"excerpt":{"rendered":"<p>Hu, Modern bir ebru \u00fczerine, karalama formunda yaz\u0131lm\u0131\u015f celi s\u00fcl\u00fcs HU kompozisyonu.<\/p>\n","protected":false},"featured_media":13,"template":"","meta":[],"product_brand":[],"product_cat":[27,28,32],"product_tag":[],"class_list":{"0":"post-85","1":"product","2":"type-product","3":"status-publish","4":"has-post-thumbnail","6":"product_cat-ebru","7":"product_cat-hat-sanati","8":"product_cat-islam-eserleri","10":"first","11":"instock","12":"sold-individually","13":"taxable","14":"shipping-taxable","15":"purchasable","16":"product-type-simple"},"yoast_head":"<!-- This site is optimized with the Yoast SEO plugin v26.7 - https:\/\/yoast.com\/wordpress\/plugins\/seo\/ -->\n<title>HU - ISLAMIC ARTS GALLERY<\/title>\n<meta name=\"description\" content=\"Hu, Modern bir ebru \u00fczerine, karalama formunda yaz\u0131lm\u0131\u015f celi s\u00fcl\u00fcs HU kompozisyonu.\" \/>\n<meta name=\"robots\" content=\"index, follow, max-snippet:-1, max-image-preview:large, max-video-preview:-1\" \/>\n<link rel=\"canonical\" href=\"https:\/\/www.islamicartsgallery.com\/en\/urun\/hu\/\" \/>\n<meta property=\"og:locale\" content=\"en_GB\" \/>\n<meta property=\"og:type\" content=\"article\" \/>\n<meta property=\"og:title\" content=\"HU - ISLAMIC ARTS GALLERY\" \/>\n<meta property=\"og:description\" content=\"Hu, Modern bir ebru \u00fczerine, karalama formunda yaz\u0131lm\u0131\u015f celi s\u00fcl\u00fcs HU kompozisyonu.\" \/>\n<meta property=\"og:url\" content=\"https:\/\/www.islamicartsgallery.com\/en\/urun\/hu\/\" \/>\n<meta property=\"og:site_name\" content=\"ISLAMIC ARTS GALLERY\" \/>\n<meta property=\"article:modified_time\" content=\"2024-04-01T20:24:52+00:00\" \/>\n<meta property=\"og:image\" content=\"https:\/\/www.islamicartsgallery.com\/wp-content\/uploads\/2024\/02\/20240131_120336-scaled.jpg\" \/>\n\t<meta property=\"og:image:width\" content=\"2560\" \/>\n\t<meta property=\"og:image:height\" content=\"2235\" \/>\n\t<meta property=\"og:image:type\" content=\"image\/jpeg\" \/>\n<meta name=\"twitter:card\" content=\"summary_large_image\" \/>\n<meta name=\"twitter:label1\" content=\"Estimated reading time\" \/>\n\t<meta name=\"twitter:data1\" content=\"1 minute\" \/>\n<script type=\"application\/ld+json\" class=\"yoast-schema-graph\">{\"@context\":\"https:\/\/schema.org\",\"@graph\":[{\"@type\":\"WebPage\",\"@id\":\"https:\/\/www.islamicartsgallery.com\/en\/urun\/hu\/\",\"url\":\"https:\/\/www.islamicartsgallery.com\/en\/urun\/hu\/\",\"name\":\"HU - ISLAMIC ARTS GALLERY\",\"isPartOf\":{\"@id\":\"https:\/\/www.islamicartsgallery.com\/en\/#website\"},\"primaryImageOfPage\":{\"@id\":\"https:\/\/www.islamicartsgallery.com\/en\/urun\/hu\/#primaryimage\"},\"image\":{\"@id\":\"https:\/\/www.islamicartsgallery.com\/en\/urun\/hu\/#primaryimage\"},\"thumbnailUrl\":\"https:\/\/www.islamicartsgallery.com\/wp-content\/uploads\/2024\/02\/20240131_120336-scaled.jpg\",\"datePublished\":\"2024-02-11T12:23:51+00:00\",\"dateModified\":\"2024-04-01T20:24:52+00:00\",\"description\":\"Hu, Modern bir ebru \u00fczerine, karalama formunda yaz\u0131lm\u0131\u015f celi s\u00fcl\u00fcs HU kompozisyonu.\",\"breadcrumb\":{\"@id\":\"https:\/\/www.islamicartsgallery.com\/en\/urun\/hu\/#breadcrumb\"},\"inLanguage\":\"en-GB\",\"potentialAction\":[{\"@type\":\"ReadAction\",\"target\":[\"https:\/\/www.islamicartsgallery.com\/en\/urun\/hu\/\"]}]},{\"@type\":\"ImageObject\",\"inLanguage\":\"en-GB\",\"@id\":\"https:\/\/www.islamicartsgallery.com\/en\/urun\/hu\/#primaryimage\",\"url\":\"https:\/\/www.islamicartsgallery.com\/wp-content\/uploads\/2024\/02\/20240131_120336-scaled.jpg\",\"contentUrl\":\"https:\/\/www.islamicartsgallery.com\/wp-content\/uploads\/2024\/02\/20240131_120336-scaled.jpg\",\"width\":2560,\"height\":2235,\"caption\":\"Hu\"},{\"@type\":\"BreadcrumbList\",\"@id\":\"https:\/\/www.islamicartsgallery.com\/en\/urun\/hu\/#breadcrumb\",\"itemListElement\":[{\"@type\":\"ListItem\",\"position\":1,\"name\":\"Anasayfa\",\"item\":\"https:\/\/www.islamicartsgallery.com\/en\/home-page\/\"},{\"@type\":\"ListItem\",\"position\":2,\"name\":\"Ma\u011faza\",\"item\":\"https:\/\/www.islamicartsgallery.com\/magaza\/\"},{\"@type\":\"ListItem\",\"position\":3,\"name\":\"HU\"}]},{\"@type\":\"WebSite\",\"@id\":\"https:\/\/www.islamicartsgallery.com\/en\/#website\",\"url\":\"https:\/\/www.islamicartsgallery.com\/en\/\",\"name\":\"ISLAMIC ARTS GALLERY\",\"description\":\"T\u00fcrk ve \u0130slam Sanatlar\u0131 Galerisi Online Sat\u0131\u015f\",\"potentialAction\":[{\"@type\":\"SearchAction\",\"target\":{\"@type\":\"EntryPoint\",\"urlTemplate\":\"https:\/\/www.islamicartsgallery.com\/en\/?s={search_term_string}\"},\"query-input\":{\"@type\":\"PropertyValueSpecification\",\"valueRequired\":true,\"valueName\":\"search_term_string\"}}],\"inLanguage\":\"en-GB\"}]}<\/script>\n<!-- \/ Yoast SEO plugin. -->","yoast_head_json":{"title":"HU - ISLAMIC ARTS GALLERY","description":"Hu, Modern bir ebru \u00fczerine, karalama formunda yaz\u0131lm\u0131\u015f celi s\u00fcl\u00fcs HU kompozisyonu.","robots":{"index":"index","follow":"follow","max-snippet":"max-snippet:-1","max-image-preview":"max-image-preview:large","max-video-preview":"max-video-preview:-1"},"canonical":"https:\/\/www.islamicartsgallery.com\/en\/urun\/hu\/","og_locale":"en_GB","og_type":"article","og_title":"HU - ISLAMIC ARTS GALLERY","og_description":"Hu, Modern bir ebru \u00fczerine, karalama formunda yaz\u0131lm\u0131\u015f celi s\u00fcl\u00fcs HU kompozisyonu.","og_url":"https:\/\/www.islamicartsgallery.com\/en\/urun\/hu\/","og_site_name":"ISLAMIC ARTS GALLERY","article_modified_time":"2024-04-01T20:24:52+00:00","og_image":[{"width":2560,"height":2235,"url":"https:\/\/www.islamicartsgallery.com\/wp-content\/uploads\/2024\/02\/20240131_120336-scaled.jpg","type":"image\/jpeg"}],"twitter_card":"summary_large_image","twitter_misc":{"Estimated reading time":"1 minute"},"schema":{"@context":"https:\/\/schema.org","@graph":[{"@type":"WebPage","@id":"https:\/\/www.islamicartsgallery.com\/en\/urun\/hu\/","url":"https:\/\/www.islamicartsgallery.com\/en\/urun\/hu\/","name":"HU - ISLAMIC ARTS GALLERY","isPartOf":{"@id":"https:\/\/www.islamicartsgallery.com\/en\/#website"},"primaryImageOfPage":{"@id":"https:\/\/www.islamicartsgallery.com\/en\/urun\/hu\/#primaryimage"},"image":{"@id":"https:\/\/www.islamicartsgallery.com\/en\/urun\/hu\/#primaryimage"},"thumbnailUrl":"https:\/\/www.islamicartsgallery.com\/wp-content\/uploads\/2024\/02\/20240131_120336-scaled.jpg","datePublished":"2024-02-11T12:23:51+00:00","dateModified":"2024-04-01T20:24:52+00:00","description":"Hu, Modern bir ebru \u00fczerine, karalama formunda yaz\u0131lm\u0131\u015f celi s\u00fcl\u00fcs HU kompozisyonu.","breadcrumb":{"@id":"https:\/\/www.islamicartsgallery.com\/en\/urun\/hu\/#breadcrumb"},"inLanguage":"en-GB","potentialAction":[{"@type":"ReadAction","target":["https:\/\/www.islamicartsgallery.com\/en\/urun\/hu\/"]}]},{"@type":"ImageObject","inLanguage":"en-GB","@id":"https:\/\/www.islamicartsgallery.com\/en\/urun\/hu\/#primaryimage","url":"https:\/\/www.islamicartsgallery.com\/wp-content\/uploads\/2024\/02\/20240131_120336-scaled.jpg","contentUrl":"https:\/\/www.islamicartsgallery.com\/wp-content\/uploads\/2024\/02\/20240131_120336-scaled.jpg","width":2560,"height":2235,"caption":"Hu"},{"@type":"BreadcrumbList","@id":"https:\/\/www.islamicartsgallery.com\/en\/urun\/hu\/#breadcrumb","itemListElement":[{"@type":"ListItem","position":1,"name":"Anasayfa","item":"https:\/\/www.islamicartsgallery.com\/en\/home-page\/"},{"@type":"ListItem","position":2,"name":"Ma\u011faza","item":"https:\/\/www.islamicartsgallery.com\/magaza\/"},{"@type":"ListItem","position":3,"name":"HU"}]},{"@type":"WebSite","@id":"https:\/\/www.islamicartsgallery.com\/en\/#website","url":"https:\/\/www.islamicartsgallery.com\/en\/","name":"ISLAMIC ARTS GALLERY","description":"T\u00fcrk ve \u0130slam Sanatlar\u0131 Galerisi Online Sat\u0131\u015f","potentialAction":[{"@type":"SearchAction","target":{"@type":"EntryPoint","urlTemplate":"https:\/\/www.islamicartsgallery.com\/en\/?s={search_term_string}"},"query-input":{"@type":"PropertyValueSpecification","valueRequired":true,"valueName":"search_term_string"}}],"inLanguage":"en-GB"}]}},"jetpack_sharing_enabled":true,"_links":{"self":[{"href":"https:\/\/www.islamicartsgallery.com\/en\/wp-json\/wp\/v2\/product\/85","targetHints":{"allow":["GET"]}}],"collection":[{"href":"https:\/\/www.islamicartsgallery.com\/en\/wp-json\/wp\/v2\/product"}],"about":[{"href":"https:\/\/www.islamicartsgallery.com\/en\/wp-json\/wp\/v2\/types\/product"}],"wp:featuredmedia":[{"embeddable":true,"href":"https:\/\/www.islamicartsgallery.com\/en\/wp-json\/wp\/v2\/media\/13"}],"wp:attachment":[{"href":"https:\/\/www.islamicartsgallery.com\/en\/wp-json\/wp\/v2\/media?parent=85"}],"wp:term":[{"taxonomy":"product_brand","embeddable":true,"href":"https:\/\/www.islamicartsgallery.com\/en\/wp-json\/wp\/v2\/product_brand?post=85"},{"taxonomy":"product_cat","embeddable":true,"href":"https:\/\/www.islamicartsgallery.com\/en\/wp-json\/wp\/v2\/product_cat?post=85"},{"taxonomy":"product_tag","embeddable":true,"href":"https:\/\/www.islamicartsgallery.com\/en\/wp-json\/wp\/v2\/product_tag?post=85"}],"curies":[{"name":"wp","href":"https:\/\/api.w.org\/{rel}","templated":true}]}}